{"id":90,"date":"2020-09-05T18:36:35","date_gmt":"2020-09-05T18:36:35","guid":{"rendered":"http:\/\/eliott-fernanda.cs.grinnell.edu\/home\/?page_id=90"},"modified":"2026-05-07T21:57:49","modified_gmt":"2026-05-07T21:57:49","slug":"publications","status":"publish","type":"page","link":"https:\/\/eliott-fernanda.cs.grinnell.edu\/home\/publications\/","title":{"rendered":"Publications"},"content":{"rendered":"<p><span style=\"font-size: 14px; font-family: georgia, palatino;\"><strong>For more information about Dr. Eliott&#8217;s research, visit <a href=\"http:\/\/elbica.cs.grinnell.edu\/\">ELBICA Research Laboratory<\/a><\/strong><\/span><\/p>\n<ol>\n<li><span style=\"text-decoration: underline;\"><a href=\"https:\/\/www.thinkmind.org\/library\/HUSO\/HUSO_2026\/huso_2026_1_20_80009.html\" target=\"_blank\" rel=\"noopener\">Modeling the Winkum Game<\/a><\/span>. Abdullahi, I. and Jarvis, E. and Sales Garcia, P. and Cerrato, B. and Nandi, S. and Eliott, F. HUSO 2026.<\/li>\n<li><span style=\"font-family: georgia, palatino; font-size: 16px;\"><a href=\"https:\/\/www.iaria.org\/conferences2025\/awardsINTELLI25\/intelli2025_a2.pdf\" target=\"_blank\" rel=\"noopener\">Awarded<\/a> best paper: <a href=\"https:\/\/www.thinkmind.org\/library\/INTELLI\/INTELLI_2025\/intelli_2025_2_10_60005.html\" target=\"_blank\" rel=\"noopener\">Situated Learners in a Sequential Decision-Making Setting.<\/a> Kasimov, T. and Takei, S. and Lu, H. and Lee, M. and Eliott, F. The Fourteenth International Conference on Intelligent Systems and Applications INTELLI 2025.<\/span><\/li>\n<li><span style=\"font-family: georgia, palatino; font-size: 16px;\"><span style=\"color: #3366ff;\"><a style=\"color: #3366ff;\" href=\"https:\/\/link.springer.com\/chapter\/10.1007\/978-3-031-74186-9_22\" target=\"_blank\" rel=\"noopener\">Networked Independent Reinforcement Learners Playing an Evolutionary Game<\/a><\/span>Xu, Z. and Chen, J. and Eliott, F. In: Quinti\u00e1n, H., et al. Hybrid Artificial Intelligent Systems. HAIS 2024. Lecture Notes in Computer Science, vol 14858. Springer, Cham.<\/span><\/li>\n<li><span style=\"font-family: georgia, palatino; font-size: 16px;\"><a href=\"https:\/\/www.iariajournals.org\/life_sciences\/tocv16n34.html\" target=\"_blank\" rel=\"noopener\">Connotation and 3D Modeling from Limited, Raw Textual Descriptions<\/a>. Berman, and Noda, and Shermak, and Ye, and Rothfusz, and Chen, and Leungpathomaram, and Shibue, and Liu, and Eliott. International Journal On Advances in Life Sciences, v 16 n 3&amp;4 2024.<\/span><\/li>\n<li><span style=\"font-family: georgia, palatino; font-size: 16px;\"><span style=\"color: #3366ff;\"><a style=\"color: #3366ff;\" href=\"https:\/\/www.iaria.org\/conferences2024\/AwardsHUSO24.html\" target=\"_blank\" rel=\"noopener\"><strong><u>Awarded <\/u>as a top paper.<\/strong><\/a><\/span> Chen, Ji. and Berman, E. and Noda, M. and Shermak, K. and Ye, Z. and Rothfusz, D. and Eliott, F. How do Abstraction and Emotions Travel Different Spaces? Proc. of The Tenth International Conference on Human and Social Analytics HUSO 2024.<\/span><\/li>\n<li><span style=\"font-size: 16px; font-family: georgia, palatino;\">Eliott, F. Can Insights from the MAS&#8217; Coordination\/Cooperation Dichotomy Enlighten Empathy Investigation? Abstract at the <a href=\"https:\/\/www.isre2024.org\/\" target=\"_blank\" rel=\"noopener\">2024 Conference of the International Society for Research on Emotion (ISRE)<\/a>.<\/span><\/li>\n<li><span style=\"font-family: georgia, palatino; font-size: 16px;\">Swaim, E. and Eliott, F.<span style=\"color: #3366ff;\"> <a style=\"color: #3366ff;\" href=\"https:\/\/www.thinkmind.org\/index.php?view=article&amp;articleid=huso_2023_1_60_80038\">Complex Behavior Vs. Design &#8211; Interpreting AI: Reminders from Synthetic Psychology<\/a>.<\/span> The Ninth International Conference on Human and Social Analytics HUSO 2023, Barcelona, Spain.<\/span><\/li>\n<li><span style=\"font-family: georgia, palatino; font-size: 16px;\">He, M., Gao, M., Gao, Y., Eliott, F. Cascading Failures and the Robustness of Cooperation in a Unified Scale-Free Network Model. Procs. of Complex Networks, Springer Verlag, 2021.<\/span><\/li>\n<li><span style=\"font-family: georgia, palatino; font-size: 16px;\">Yu, X., Morri, R. and Eliott, F. EDA, An Empathy-Driven Computational Architecture. <a href=\"https:\/\/sravya-kondrakunta.github.io\/9thGoal-Reasoning-Workshop\/index.html#schedule\" target=\"_blank\" rel=\"noopener\">Workshop on Goal Reasoning<\/a>, ACS 2021.<\/span><\/li>\n<li><span style=\"font-family: georgia, palatino; font-size: 16px;\">Yang, Y., Li, K., Eliott, F., Kunda, M. Do Time Constraints Re-Prioritize Attention to Shapes During Visual Photo Inspection? Procs. of the 43th Annual Meeting of the Cognitive Science Society, 2021.<\/span><\/li>\n<li><span style=\"font-family: georgia, palatino; font-size: 16px;\">Eliott, F. M., Stassun, K., and Kunda, M. IACI, <a href=\"http:\/\/www.cogsys.org\/papers\/ACSvol6\/posters\/Eliott.pdf\" target=\"_blank\" rel=\"noopener noreferrer\">A Human-Inspired Computational Architecture<\/a> to Help Us Understand Visual Data Exploration. Procs. of the 6th Annual Conference on Advances in Cognitive Systems (ACS), 2018.<\/span><\/li>\n<li><span style=\"font-family: georgia, palatino; font-size: 16px;\">Eilbert, J., Peters, Z., Eliott, F. M., Stassun, K., and Kunda, M. <a href=\"https:\/\/cogsci.mindmodeling.org\/2018\/papers\/0081\/index.html\" target=\"_blank\" rel=\"noopener noreferrer\">Shapes in Scatterplots: Comparing Human Visual Impressions and Computational Metrics<\/a>. Procs. of the 40th Annual Meeting of the Cognitive Science Society, 2018.<\/span><\/li>\n<li><span style=\"font-family: georgia, palatino; font-size: 16px;\">Eliott, F. M., Stassun, K., and Kunda, M. <a href=\"https:\/\/cogsci.mindmodeling.org\/2017\/papers\/0521\/paper0521.pdf\" target=\"_blank\" rel=\"noopener noreferrer\">Visual data exploration: How expert astronomers use flipbook-style visual approaches to understand new data<\/a>. Procs. of the 39th Annual Meeting of the Cognitive Science Society, 2017.<\/span><\/li>\n<li><span style=\"font-family: georgia, palatino; font-size: 16px;\">Wang, X. and Eliott, F. M., Ainooson, J., Palmer, J. H. and Kunda, M. <a href=\"https:\/\/www.computer.org\/csdl\/proceedings-article\/iccvw\/2017\/1034c364\/12OmNwErpuq\" target=\"_blank\" rel=\"noopener noreferrer\">An Object Is Worth Six Thousand Pictures<\/a>: The Egocentric, Manual, Multi-Image (EMMI) Dataset. Procs. of the IEEE International Conference on Computer Vision Workshops (ICCVW), 2017.<\/span><\/li>\n<li><span style=\"font-family: georgia, palatino; font-size: 16px;\">Ph.D. dissertation. A Computational Model for Simulation of Empathy and Moral Behavior. Computer Engineering, Aeronautics Institute of Technology, 2016;<\/span><\/li>\n<li><span style=\"font-family: georgia, palatino; font-size: 16px;\">Eliott, F. and Ribeiro, C. &#8220;<a href=\"https:\/\/www.thinkmind.org\/articles\/huso_2015_3_20_70033.pdf\" target=\"_blank\" rel=\"noopener noreferrer\">Moral Behavior and Empathy Modeling through the Premise of Reciprocity<\/a>&#8221;. Procs. of the 1rst International Conference on Human and Social Analytics, HUSO 2015, St. Julians, Malta.<\/span><\/li>\n<li><span style=\"font-family: georgia, palatino; font-size: 16px;\">Eliott, F. and Ribeiro, C. <a href=\"https:\/\/link.springer.com\/book\/10.1007\/978-3-319-19644-2\" target=\"_blank\" rel=\"noopener noreferrer\">Emergence of Cooperation Through Simulation of Moral Behavior.<\/a> Hybrid Artificial Intelligent Systems (HAIS-2015): 10th I. Conf. on Hybrid Artificial Intelligence Systems, Bilbao, Spain. Lecture Notes in Artificial Intelligence. Vol. 9121. Springer International Pub., 200-212, 2015.<\/span><\/li>\n<li><span style=\"font-family: georgia, palatino; font-size: 16px;\">Eliott, F. and Ribeiro, C. <a href=\"https:\/\/www.scitepress.org\/Link.aspx?doi=10.5220\/0005139002820287\" target=\"_blank\" rel=\"noopener noreferrer\">A Computational Model for Simulation of Moral Behavior. Procs. of the International Conference on Neural Computation Theory and Applications<\/a> (NCTA-2014 paper #62). SCITEPRESS (Science and Technology Publications), 282-287, 2014.<\/span><\/li>\n<li><span style=\"font-family: georgia, palatino; font-size: 16px;\">Eliott, F. and Ribeiro, C. A Biologically Inspired Architecture for Multiagent Games. Procs of the 1st BRICS Countries Congress (BRICS-CCI) and 11th Brazilian Congress (CBIC) on Computational Intelligence, 230-235, 2013.<\/span><\/li>\n<li><span style=\"font-family: georgia, palatino; font-size: 16px;\">Eliott, F. and Ribeiro, C. Aprendizado Aut\u00f4nomo para Rob\u00f4s M\u00f3veis Baseado em Emo\u00e7\u00f5es Artificiais. Master&#8217;s Thesis, Computer Engineering, Aeronautics Institute of Technology, 2010.<\/span><\/li>\n<li><span style=\"font-family: georgia, palatino; font-size: 16px;\">Eliott, F. and Ribeiro, C. Autonomous Behavior Selection Based on Computational Simulation of Emotions and Hormonal Processes. Procs. of the IX Brazilian Symposium on Intelligent Automation (SBAI), 2009.<\/span><\/li>\n<\/ol>\n<p><span style=\"font-family: georgia, palatino; font-size: 16px;\"><strong>Other Publications<\/strong><\/span><\/p>\n<ol>\n<li><span style=\"font-family: georgia, palatino; font-size: 16px;\">Shayak, N. and Eliott, F. <a href=\"https:\/\/arxiv.org\/abs\/2506.22876\" target=\"_blank\" rel=\"noopener\"><u>Cooperation as Black Box: Conceptual Fluctuation and Diagnostic Tools for Misalignment in MAS<\/u><\/a>, 2025.<\/span><\/li>\n<li><span style=\"font-family: georgia, palatino; font-size: 16px;\">Morri, Riccardo and Eliott, Fernanda. Redesigning a Moral-Inspired Computational Architecture to Emphasize the role of Empathy in Decision-Making. <a href=\"https:\/\/www.medizin.uni-tuebingen.de\/de\/summer-school-controlpsychiatry\/program\" target=\"_blank\" rel=\"noopener\">Summer school on Current and future applications of network and control sciences for Psychiatry<\/a>, 2021.<\/span><\/li>\n<li><span style=\"font-family: georgia, palatino; font-size: 16px;\">Eliott, F. and Caudel, A., and Barnett, C., and Caudel, D. Our community at the Frist Center for Autism and Innovation: a beautiful forest with various shades and colors representing autistic tendencies. [Data wallpaper] Inspired by Dr. Giorgia Lupi\u2019s work. <a href=\"https:\/\/news.vanderbilt.edu\/2019\/07\/29\/vanderbilt-celebrates-opening-of-frist-center-for-autism-and-innovation\/\">Grand Opening of the Frist Center for Autism and Innovation<\/a>, Vanderbilt University, July 2019.<\/span><\/li>\n<li><span style=\"font-family: georgia, palatino; font-size: 16px;\">Cynthia Brame, Adriane Seiffert, Allison Leich Hilbun, Erika Grundstrom, Fernanda Monteiro Eliott, Jim Pask, Katie Clements, Lori Troxel, Malu Jorge, Thomas Clements, Shane Hutson, Teresa Gray, Greg Lowen, Annie Hatmaker. <a href=\"https:\/\/twitter.com\/CynthiaBrame\/status\/1120710447726985217\" target=\"_blank\" rel=\"noopener\">Active Learning Cheat Sheet<\/a> created by the Active Learning Community at Vanderbilt University, 2019.<\/span><\/li>\n<li><span style=\"font-family: georgia, palatino; font-size: 16px;\">Eliott, F. &#8220;<a href=\"https:\/\/1drv.ms\/b\/s!AiiSw8kF5PhCiZRua0ekEhKR1ZorFA\">My journey<\/a>&#8221; &#8211; a drawing that I made when I was very young. ArtLab Catalog &#8211; the boundaries of art and science, Vanderbilt University, p.15, March 1-2, 2018.<\/span><\/li>\n<li><span style=\"font-family: georgia, palatino; font-size: 16px;\">Ainooson, J. E. A., and Eliott, F., and Kunda, M. Research on Visual Reasoning [Video file]. Vanderbilt University, July 2019.<\/span><\/li>\n<\/ol>\n","protected":false},"excerpt":{"rendered":"<p>For more information about Dr. Eliott&#8217;s research, visit ELBICA Research Laboratory Modeling the Winkum Game. Abdullahi, I. and Jarvis, E. and Sales Garcia, P. and Cerrato, B. and Nandi, S. and Eliott, F. HUSO 2026. Awarded best paper: Situated Learners &hellip; <a href=\"https:\/\/eliott-fernanda.cs.grinnell.edu\/home\/publications\/\">Continue reading <span class=\"meta-nav\">&rarr;<\/span><\/a><\/p>\n","protected":false},"author":1,"featured_media":0,"parent":0,"menu_order":0,"comment_status":"closed","ping_status":"closed","template":"","meta":{"footnotes":""},"class_list":["post-90","page","type-page","status-publish","hentry"],"_links":{"self":[{"href":"https:\/\/eliott-fernanda.cs.grinnell.edu\/home\/wp-json\/wp\/v2\/pages\/90","targetHints":{"allow":["GET"]}}],"collection":[{"href":"https:\/\/eliott-fernanda.cs.grinnell.edu\/home\/wp-json\/wp\/v2\/pages"}],"about":[{"href":"https:\/\/eliott-fernanda.cs.grinnell.edu\/home\/wp-json\/wp\/v2\/types\/page"}],"author":[{"embeddable":true,"href":"https:\/\/eliott-fernanda.cs.grinnell.edu\/home\/wp-json\/wp\/v2\/users\/1"}],"replies":[{"embeddable":true,"href":"https:\/\/eliott-fernanda.cs.grinnell.edu\/home\/wp-json\/wp\/v2\/comments?post=90"}],"version-history":[{"count":39,"href":"https:\/\/eliott-fernanda.cs.grinnell.edu\/home\/wp-json\/wp\/v2\/pages\/90\/revisions"}],"predecessor-version":[{"id":2221,"href":"https:\/\/eliott-fernanda.cs.grinnell.edu\/home\/wp-json\/wp\/v2\/pages\/90\/revisions\/2221"}],"wp:attachment":[{"href":"https:\/\/eliott-fernanda.cs.grinnell.edu\/home\/wp-json\/wp\/v2\/media?parent=90"}],"curies":[{"name":"wp","href":"https:\/\/api.w.org\/{rel}","templated":true}]}}